{"id":95,"date":"2015-03-14T18:37:49","date_gmt":"2015-03-14T17:37:49","guid":{"rendered":"http:\/\/www.zizkatest.4fan.cz\/?page_id=95"},"modified":"2025-08-21T18:12:44","modified_gmt":"2025-08-21T16:12:44","slug":"aktualne","status":"publish","type":"page","link":"https:\/\/zizka.fob.cz\/","title":{"rendered":"Aktu\u00e1ln\u011b"},"content":{"rendered":"<h1><b>Dal\u0161\u00ed pokra\u010dov\u00e1n\u00ed bude v sobotu 27. z\u00e1\u0159\u00ed 2025 v Restauraci Na P\u011bkn\u00e9 Vyhl\u00eddce!<\/b><\/h1>\n<h5>Z\u00e1rove\u0148 dod\u00e1v\u00e1me, \u017ee v prostoru s\u00e1lu byly nainstalov\u00e1ny panely na rozr\u00e1\u017een\u00ed zvuku, tud\u00ed\u017e je zvuk mnohem lep\u0161\u00ed ne\u017e v roce 2023!<\/h5>\n<h4><span style=\"text-decoration: underline;\">Prvn\u00ed potvrzen\u00e9 kapely:<\/span><\/h4>\n<h5><a href=\"https:\/\/www.facebook.com\/souldemise\">SOUL DEMISE<\/a><\/h5>\n<p><iframe loading=\"lazy\" title=\"YouTube video player\" src=\"https:\/\/www.youtube.com\/embed\/3kFf8CUr85w?si=FdfpaUFB505QC3Gi\" width=\"560\" height=\"315\" frameborder=\"0\" allowfullscreen=\"allowfullscreen\"><\/iframe><\/p>\n<h5><a href=\"https:\/\/bandzone.cz\/fob\">F.O.B.<\/a><\/h5>\n<p><iframe loading=\"lazy\" title=\"YouTube video player\" src=\"https:\/\/www.youtube.com\/embed\/JN5LH9ZmO50?si=ZV4Oa557cRoHo0Se\" width=\"560\" height=\"315\" frameborder=\"0\" allowfullscreen=\"allowfullscreen\"><\/iframe><\/p>\n<h5><a href=\"https:\/\/bandzone.cz\/exorcizphobia\">Exorcizphobia<\/a><\/h5>\n<p><iframe loading=\"lazy\" title=\"YouTube video player\" src=\"https:\/\/www.youtube.com\/embed\/9vRRVqWNthA?si=djzwcmbIeDRBATBP\" width=\"560\" height=\"315\" frameborder=\"0\" allowfullscreen=\"allowfullscreen\"><\/iframe><\/p>\n<h5><a href=\"https:\/\/www.facebook.com\/SANATORIUMbrutal\">SANATORIUM<\/a><\/h5>\n<p><iframe loading=\"lazy\" title=\"YouTube video player\" src=\"https:\/\/www.youtube.com\/embed\/7Swigix8prs?si=R7TfgqPvs-RpHG_a\" width=\"560\" height=\"315\" frameborder=\"0\" allowfullscreen=\"allowfullscreen\"><\/iframe><\/p>\n<h5><a href=\"https:\/\/www.facebook.com\/sddestroydeathcore\">SEARCH AND DESTROY<\/a><\/h5>\n<p><iframe loading=\"lazy\" title=\"YouTube video player\" src=\"https:\/\/www.youtube.com\/embed\/oVQ2t8jzrJ8?si=40EBmpdAsHVYHMpn\" width=\"560\" height=\"315\" frameborder=\"0\" allowfullscreen=\"allowfullscreen\"><\/iframe><\/p>\n<h5><a href=\"https:\/\/www.facebook.com\/odraedir\/\">ODRAEDIR\u00a0<\/a><\/h5>\n<p><iframe loading=\"lazy\" title=\"YouTube video player\" src=\"https:\/\/www.youtube.com\/embed\/xbViiNtD3c8?si=xHH5Hu6QA8G_0RUG\" width=\"560\" height=\"315\" frameborder=\"0\" allowfullscreen=\"allowfullscreen\"><\/iframe><\/p>\n<h5><a href=\"https:\/\/www.facebook.com\/CutterredFlesh\">CUTTERRED FLESH<\/a><\/h5>\n<p><iframe loading=\"lazy\" title=\"YouTube video player\" src=\"https:\/\/www.youtube.com\/embed\/IHlx3roTSwY?si=ZntvJYducKy9-aY1\" width=\"560\" height=\"315\" frameborder=\"0\" allowfullscreen=\"allowfullscreen\"><\/iframe><\/p>\n<h5><a href=\"https:\/\/www.facebook.com\/secretofdarkness\">SECRET OF DARKNESS<\/a><\/h5>\n<p><iframe loading=\"lazy\" title=\"YouTube video player\" src=\"https:\/\/www.youtube.com\/embed\/RnzJnRqTddg?si=b3bXBx34hyBGMIIy\" width=\"560\" height=\"315\" frameborder=\"0\" allowfullscreen=\"allowfullscreen\"><\/iframe><\/p>\n<p>&nbsp;<\/p>\n<p><a href=\"http:\/\/zizka.fob.cz\/wp-content\/uploads\/2025\/08\/0d5be579-b866-4e6d-8c52-d1461aac295e.jpeg\"><img loading=\"lazy\" decoding=\"async\" class=\"aligncenter size-large wp-image-986\" src=\"http:\/\/zizka.fob.cz\/wp-content\/uploads\/2025\/08\/0d5be579-b866-4e6d-8c52-d1461aac295e-724x1024.jpeg\" alt=\"\" width=\"640\" height=\"905\" srcset=\"https:\/\/zizka.fob.cz\/wp-content\/uploads\/2025\/08\/0d5be579-b866-4e6d-8c52-d1461aac295e-724x1024.jpeg 724w, https:\/\/zizka.fob.cz\/wp-content\/uploads\/2025\/08\/0d5be579-b866-4e6d-8c52-d1461aac295e-212x300.jpeg 212w, https:\/\/zizka.fob.cz\/wp-content\/uploads\/2025\/08\/0d5be579-b866-4e6d-8c52-d1461aac295e-768x1086.jpeg 768w, https:\/\/zizka.fob.cz\/wp-content\/uploads\/2025\/08\/0d5be579-b866-4e6d-8c52-d1461aac295e-1086x1536.jpeg 1086w, https:\/\/zizka.fob.cz\/wp-content\/uploads\/2025\/08\/0d5be579-b866-4e6d-8c52-d1461aac295e.jpeg 1191w\" sizes=\"(max-width: 640px) 100vw, 640px\" \/><\/a><\/p>\n","protected":false},"excerpt":{"rendered":"<p>Dal\u0161\u00ed pokra\u010dov\u00e1n\u00ed bude v sobotu 27. z\u00e1\u0159\u00ed 2025 v Restauraci Na P\u011bkn\u00e9 Vyhl\u00eddce! Z\u00e1rove\u0148 dod\u00e1v\u00e1me, \u017ee v prostoru s\u00e1lu byly nainstalov\u00e1ny panely na rozr\u00e1\u017een\u00ed zvuku, tud\u00ed\u017e je zvuk mnohem lep\u0161\u00ed ne\u017e v roce 2023! Prvn\u00ed potvrzen\u00e9 kapely: SOUL DEMISE F.O.B.&hellip; <a href=\"https:\/\/zizka.fob.cz\/\" class=\"more-link\">Continue Reading <span class=\"meta-nav\">&rarr;<\/span><\/a><\/p>\n","protected":false},"author":1,"featured_media":0,"parent":0,"menu_order":0,"comment_status":"closed","ping_status":"open","template":"","meta":{"_exactmetrics_skip_tracking":false,"_exactmetrics_sitenote_active":false,"_exactmetrics_sitenote_note":"","_exactmetrics_sitenote_category":0,"footnotes":""},"class_list":["post-95","page","type-page","status-publish","hentry"],"_links":{"self":[{"href":"https:\/\/zizka.fob.cz\/index.php?rest_route=\/wp\/v2\/pages\/95"}],"collection":[{"href":"https:\/\/zizka.fob.cz\/index.php?rest_route=\/wp\/v2\/pages"}],"about":[{"href":"https:\/\/zizka.fob.cz\/index.php?rest_route=\/wp\/v2\/types\/page"}],"author":[{"embeddable":true,"href":"https:\/\/zizka.fob.cz\/index.php?rest_route=\/wp\/v2\/users\/1"}],"replies":[{"embeddable":true,"href":"https:\/\/zizka.fob.cz\/index.php?rest_route=%2Fwp%2Fv2%2Fcomments&post=95"}],"version-history":[{"count":183,"href":"https:\/\/zizka.fob.cz\/index.php?rest_route=\/wp\/v2\/pages\/95\/revisions"}],"predecessor-version":[{"id":987,"href":"https:\/\/zizka.fob.cz\/index.php?rest_route=\/wp\/v2\/pages\/95\/revisions\/987"}],"wp:attachment":[{"href":"https:\/\/zizka.fob.cz\/index.php?rest_route=%2Fwp%2Fv2%2Fmedia&parent=95"}],"curies":[{"name":"wp","href":"https:\/\/api.w.org\/{rel}","templated":true}]}}