{"id":782,"date":"2019-09-17T12:00:05","date_gmt":"2019-09-17T10:00:05","guid":{"rendered":"http:\/\/zizka.fob.cz\/?page_id=782"},"modified":"2019-09-17T16:36:46","modified_gmt":"2019-09-17T14:36:46","slug":"booking","status":"publish","type":"page","link":"https:\/\/zizka.fob.cz\/?page_id=782","title":{"rendered":"Booking"},"content":{"rendered":"<p>Ve\u0161ker\u00e9 dotazy ohledn\u011b bookingu sm\u011b\u0159ujte na <strong>manager@fob.cz<\/strong> nebo n\u00e1s kontaktujte na <strong><a href=\"https:\/\/www.facebook.com\/zizkafest\/\">Facebooku<\/a><\/strong>.<\/p>\n<p><strong>Preferujeme \u017e\u00e1nry<\/strong>: Death metal, black metal, metalcore, deathcore, apod.<\/p>\n<p>&nbsp;<\/p>\n","protected":false},"excerpt":{"rendered":"<p>Ve\u0161ker\u00e9 dotazy ohledn\u011b bookingu sm\u011b\u0159ujte na manager@fob.cz nebo n\u00e1s kontaktujte na Facebooku. Preferujeme \u017e\u00e1nry: Death metal, black metal, metalcore, deathcore, apod. &nbsp;<\/p>\n","protected":false},"author":1,"featured_media":0,"parent":72,"menu_order":0,"comment_status":"closed","ping_status":"closed","template":"","meta":{"_exactmetrics_skip_tracking":false,"_exactmetrics_sitenote_active":false,"_exactmetrics_sitenote_note":"","_exactmetrics_sitenote_category":0,"footnotes":""},"class_list":["post-782","page","type-page","status-publish","hentry"],"_links":{"self":[{"href":"https:\/\/zizka.fob.cz\/index.php?rest_route=\/wp\/v2\/pages\/782"}],"collection":[{"href":"https:\/\/zizka.fob.cz\/index.php?rest_route=\/wp\/v2\/pages"}],"about":[{"href":"https:\/\/zizka.fob.cz\/index.php?rest_route=\/wp\/v2\/types\/page"}],"author":[{"embeddable":true,"href":"https:\/\/zizka.fob.cz\/index.php?rest_route=\/wp\/v2\/users\/1"}],"replies":[{"embeddable":true,"href":"https:\/\/zizka.fob.cz\/index.php?rest_route=%2Fwp%2Fv2%2Fcomments&post=782"}],"version-history":[{"count":4,"href":"https:\/\/zizka.fob.cz\/index.php?rest_route=\/wp\/v2\/pages\/782\/revisions"}],"predecessor-version":[{"id":790,"href":"https:\/\/zizka.fob.cz\/index.php?rest_route=\/wp\/v2\/pages\/782\/revisions\/790"}],"up":[{"embeddable":true,"href":"https:\/\/zizka.fob.cz\/index.php?rest_route=\/wp\/v2\/pages\/72"}],"wp:attachment":[{"href":"https:\/\/zizka.fob.cz\/index.php?rest_route=%2Fwp%2Fv2%2Fmedia&parent=782"}],"curies":[{"name":"wp","href":"https:\/\/api.w.org\/{rel}","templated":true}]}}