{"id":72,"date":"2015-03-14T16:12:51","date_gmt":"2015-03-14T16:12:51","guid":{"rendered":"http:\/\/www.zizkatest.4fan.cz\/?page_id=72"},"modified":"2024-09-23T20:06:23","modified_gmt":"2024-09-23T18:06:23","slug":"info","status":"publish","type":"page","link":"https:\/\/zizka.fob.cz\/?page_id=72","title":{"rendered":"O festivalu"},"content":{"rendered":"<h2>O festivalu<\/h2>\n<p>Festival je po\u0159\u00e1d\u00e1n ji\u017e od roku 1998, d\u0159\u00edve pravideln\u011b v\u017edy 2x do roka (jaro\/podzim). Mnohokr\u00e1t se festival od sv\u00e9ho za\u010d\u00e1tku konal v T\u00e1borsk\u00fdch \u010cekanic\u00edch, v <strong>Restauraci &#8222;Na P\u011bkn\u00e9 Vyhl\u00eddce.<\/strong><\/p>\n<p>V roce 2004 se po\u0159adatelsk\u00fd team &#8222;\u017di\u017eky&#8220; za\u010dal poohl\u00ed\u017eet po v\u011bt\u0161\u00edm are\u00e1lu a nakonec pro prvn\u00ed open air ro\u010dn\u00edk (2004 &#8211; 20t\u00e9 pokra\u010dov\u00e1n\u00ed) vybral are\u00e1l Housova ml\u00fdna mimo jin\u00e9 i pro jeho v\u00fdjime\u010dnou polohu t\u00e9m\u011b\u0159 v centru m\u011bsta. N\u00e1sledovalo u\u017e jen jedno zastaven\u00ed na Vyhl\u00eddce v \u010cekanic\u00edch a festival se st\u011bhuje od 23.pokra\u010dov\u00e1n\u00ed v roce 2005 na Hous\u00e1k. V roce 2008 op\u011bt doch\u00e1z\u00ed ke zm\u011bn\u011b m\u00edsta kon\u00e1n\u00ed na klub MILENIUM T\u00e1bor, kde \u00e9ra skv\u011bl\u00fdch koncert\u016f pokra\u010duje do roku 2017, kdy majitel MILENIA vypov\u00edd\u00e1 smlouvu provozovateli klubu a ten je nucen opustit, stejn\u011b jako my.<\/p>\n<p>V roce 2018 jsme na\u0161li v T\u00e1bo\u0159e nov\u00fd klub C&amp;B Cadillac, kter\u00fd vyhovoal na\u0161im p\u0159edstav\u00e1m a uspo\u0159\u00e1dali jsme zde v\u00fdro\u010d\u00ed <strong>20. let \u017di\u017ekova vra\u017ed\u00edc\u00edho palc\u00e1tu.<\/strong><\/p>\n<p>V roce 2019 znova vrac\u00edme do <strong>Housova ml\u00fdna<\/strong>, z ur\u010dit\u00fdch okolnost\u00ed jsme se nad\u00e1le v roce 2023 museli vr\u00e1tit na prvn\u00ed m\u00edsto kon\u00e1n\u00ed do s\u00e1lu <strong>Restaurace Na P\u011bkn\u00e9 Vyhl\u00eddce.<\/strong> Vroce 2024 jsme zat\u00edm z \u010d\u00e1sti pomohli ud\u011blat akustickou \u00fapravu s\u00e1lu, aby nebyl zvuk tak krkolomn\u00fd jako v roce 2023.<\/p>\n<p>\u00da\u010dast kapel z: \u010cech, Slovenska, Polska, N\u011bmecka, Rakouska, It\u00e1lie, Japonska, Ma\u010farska,&#8230; po\u0159adateli je prosazov\u00e1na stylov\u00e1 pestrost &#8211; v\u0161echny odno\u017ee metalu, grindcore, hardcore.<\/p>\n<p><strong>Kon\u00e1 se ji\u017e 1x ro\u010dn\u011b<\/strong><br \/>\nKvalitn\u00ed zvuk a sv\u011btla (st\u00e1l\u00fd zvuka\u0159).<\/p>\n<h1>Vstupenky<\/h1>\n<p>Vstupenky se zakupuj\u00ed v den kon\u00e1n\u00ed akce u vstupu nebo v p\u0159edprodeji na str\u00e1nk\u00e1ch <strong><a href=\"https:\/\/distro.fob.cz\/\">Distro F.O.B.<\/a><\/strong><\/p>\n<h1>M\u00edsto kon\u00e1n\u00ed:<\/h1>\n<ul>\n<li>1998 &#8211; 2004 &#8211; T\u00e1bor, Restaurace na p\u011bkn\u00e9 Vyhl\u00eddce<\/li>\n<li>2004 &#8211; 2007 &#8211; T\u00e1bor, Hous\u016fv ml\u00fdn<\/li>\n<li>2008 &#8211; 2017 &#8211; T\u00e1bor, klub Mil\u00e9nium<\/li>\n<li>2018 &#8211;\u00a0 T\u00e1bor, klub Cadillac<\/li>\n<li>2019 &#8211; 2022 T\u00e1bor, Hous\u016fv ml\u00fdn<\/li>\n<li>2023 &#8211; sou\u010dasnost T\u00e1bor, Restaurace na p\u011bkn\u00e9 vyhl\u00eddce<\/li>\n<\/ul>\n<p><iframe loading=\"lazy\" style=\"border: 0;\" src=\"https:\/\/www.google.com\/maps\/embed?pb=!1m18!1m12!1m3!1d2595.2477242912214!2d14.675696077502513!3d49.423130460797154!2m3!1f0!2f0!3f0!3m2!1i1024!2i768!4f13.1!3m3!1m2!1s0x470c981a9f7e6d25%3A0xe1a24268d1c54143!2zUmVzdGF1cmFjZSBuYSBwxJtrbsOpIHZ5aGzDrWRjZQ!5e0!3m2!1scs!2scz!4v1684260683813!5m2!1scs!2scz\" width=\"600\" height=\"450\" allowfullscreen=\"allowfullscreen\"><\/iframe><\/p>\n<p><strong>Info pro merch prodejce<\/strong><br \/>\nP\u0159\u00edpadn\u00fd prodej je nutno p\u0159edem domluvit kv\u016fli omezen\u00e9mu m\u00edstu!<\/p>\n<p><strong>Info pro m\u00e9dia<\/strong><br \/>\nJe zde mo\u017enost z\u00edsk\u00e1n\u00ed akreditace pro redaktory, akreditovan\u00e1 budou pouze ta m\u00e9dia, kter\u00e1 poskytnou po dohod\u011b s po\u0159adateli festivalu n\u00e1le\u017eitou reklamu jak p\u0159ed kon\u00e1n\u00edm festivalu tak i po n\u011bm. Akreditace je nutno p\u0159edem domluvit, na m\u00edst\u011b v den kon\u00e1n\u00ed festivalu nebudou \u017e\u00e1dn\u00e9 akreditace vy\u0159izov\u00e1ny.<\/p>\n<p><strong>Stru\u010dn\u00e1 statistika festivalu:<\/strong><br \/>\nOd roku 1998 se festivalu \u00fa\u010dastnilo p\u0159es 150 kapel<br \/>\nN\u00e1v\u0161t\u011bvnost festivalu kol\u00eds\u00e1 v pr\u016fm\u011bru mezi 100 &#8211; 300 plat\u00edc\u00edmi osobami<\/p>\n<p><strong>Zvl\u00e1\u0161tn\u00ed pod\u011bkov\u00e1n\u00ed:<\/strong><br \/>\nM\u011bsto T\u00e1bor &#8211; <a href=\"http:\/\/www.tabor.cz\/\" target=\"_blank\" rel=\"noopener noreferrer\">www.tabor.cz<\/a><br \/>\n&#8222;Zdrav\u00e9mu j\u00e1dru&#8220; &#8211; prost\u011b v\u0161em t\u011bm, kte\u0159\u00ed p\u0159ijdou v\u017edy!<\/p>\n<h2><\/h2>\n","protected":false},"excerpt":{"rendered":"<p>O festivalu Festival je po\u0159\u00e1d\u00e1n ji\u017e od roku 1998, d\u0159\u00edve pravideln\u011b v\u017edy 2x do roka (jaro\/podzim). Mnohokr\u00e1t se festival od sv\u00e9ho za\u010d\u00e1tku konal v T\u00e1borsk\u00fdch \u010cekanic\u00edch, v Restauraci &#8222;Na P\u011bkn\u00e9 Vyhl\u00eddce. V roce 2004 se po\u0159adatelsk\u00fd team &#8222;\u017di\u017eky&#8220; za\u010dal poohl\u00ed\u017eet&hellip; <a href=\"https:\/\/zizka.fob.cz\/?page_id=72\" class=\"more-link\">Continue Reading <span class=\"meta-nav\">&rarr;<\/span><\/a><\/p>\n","protected":false},"author":1,"featured_media":0,"parent":0,"menu_order":0,"comment_status":"closed","ping_status":"open","template":"","meta":{"_exactmetrics_skip_tracking":false,"_exactmetrics_sitenote_active":false,"_exactmetrics_sitenote_note":"","_exactmetrics_sitenote_category":0,"footnotes":""},"class_list":["post-72","page","type-page","status-publish","hentry"],"_links":{"self":[{"href":"https:\/\/zizka.fob.cz\/index.php?rest_route=\/wp\/v2\/pages\/72"}],"collection":[{"href":"https:\/\/zizka.fob.cz\/index.php?rest_route=\/wp\/v2\/pages"}],"about":[{"href":"https:\/\/zizka.fob.cz\/index.php?rest_route=\/wp\/v2\/types\/page"}],"author":[{"embeddable":true,"href":"https:\/\/zizka.fob.cz\/index.php?rest_route=\/wp\/v2\/users\/1"}],"replies":[{"embeddable":true,"href":"https:\/\/zizka.fob.cz\/index.php?rest_route=%2Fwp%2Fv2%2Fcomments&post=72"}],"version-history":[{"count":26,"href":"https:\/\/zizka.fob.cz\/index.php?rest_route=\/wp\/v2\/pages\/72\/revisions"}],"predecessor-version":[{"id":976,"href":"https:\/\/zizka.fob.cz\/index.php?rest_route=\/wp\/v2\/pages\/72\/revisions\/976"}],"wp:attachment":[{"href":"https:\/\/zizka.fob.cz\/index.php?rest_route=%2Fwp%2Fv2%2Fmedia&parent=72"}],"curies":[{"name":"wp","href":"https:\/\/api.w.org\/{rel}","templated":true}]}}