{"id":44,"date":"2015-03-14T14:15:17","date_gmt":"2015-03-14T14:15:17","guid":{"rendered":"http:\/\/www.zizkatest.4fan.cz\/?page_id=44"},"modified":"2024-09-23T19:57:08","modified_gmt":"2024-09-23T17:57:08","slug":"historie","status":"publish","type":"page","link":"https:\/\/zizka.fob.cz\/?page_id=44","title":{"rendered":"Ro\u010dn\u00edky"},"content":{"rendered":"<h2>Seznam pokra\u010dov\u00e1n\u00ed:<\/h2>\n<table border=\"0\" cellspacing=\"2\" cellpadding=\"2\" align=\"center\">\n<tbody>\n<tr>\n<blockquote class=\"wp-embedded-content\" data-secret=\"TyBqrVtlGB\"><p><a href=\"https:\/\/zizka.fob.cz\/?p=959\">\u017di\u017ek\u016fv vra\u017ed\u00edc\u00ed palc\u00e1t 2024<\/a><\/p><\/blockquote>\n<p><iframe loading=\"lazy\" class=\"wp-embedded-content\" sandbox=\"allow-scripts\" security=\"restricted\" style=\"position: absolute; visibility: hidden;\" title=\"&#8222;\u017di\u017ek\u016fv vra\u017ed\u00edc\u00ed palc\u00e1t 2024&#8220; &#8212; \u017di\u017ek\u016fv vra\u017ed\u00edc\u00ed palc\u00e1t FEST\" src=\"https:\/\/zizka.fob.cz\/?p=959&#038;embed=true#?secret=CTcB3AUFqq#?secret=TyBqrVtlGB\" data-secret=\"TyBqrVtlGB\" width=\"600\" height=\"338\" frameborder=\"0\" marginwidth=\"0\" marginheight=\"0\" scrolling=\"no\"><\/iframe><\/p>\n<td><a href=\"https:\/\/zizka.fob.cz\/?p=959\"> 53.<\/a><\/td>\n<td><a href=\"https:\/\/zizka.fob.cz\/?p=909\"> 52.<\/a><\/td>\n<td><a href=\"http:\/\/zizka.fob.cz\/?p=901\"> 51.<\/a><\/td>\n<td><a href=\"http:\/\/zizka.fob.cz\/?p=898\"> 50.<\/a><\/td>\n<td><a href=\"http:\/\/zizka.fob.cz\/?p=896\"> XLIX<\/a><\/td>\n<td><a href=\"http:\/\/zizka.fob.cz\/?p=767\"> XLVIII<\/a><\/td>\n<td><a href=\"http:\/\/zizka.fob.cz\/?p=712\"> XLVII<\/a><\/td>\n<td><a href=\"http:\/\/zizka.fob.cz\/?p=673\"> XLVI<\/a><\/td>\n<td><a href=\"http:\/\/zizka.fob.cz\/?p=653\"> XLV<\/a><\/td>\n<td><a href=\"http:\/\/zizka.fob.cz\/?p=605\"> XLIV<\/a><\/td>\n<td><a href=\"http:\/\/zizka.fob.cz\/?p=571\"> XLIII<\/a><\/td>\n<td><a href=\"http:\/\/zizka.fob.cz\/?p=415\"> XLII<\/a><\/td>\n<td><a href=\"http:\/\/zizka.fob.cz\/?p=347\"> XLI<\/a><\/td>\n<td><a href=\"http:\/\/zizka.fob.cz\/?p=287\">XL<\/a><\/td>\n<td><a href=\"http:\/\/zizka.fob.cz\/?p=285\">XXXIX<\/a><\/td>\n<td><\/td>\n<td><a href=\"http:\/\/zizka.fob.cz\/?p=271\">XXXVIII<\/a><\/td>\n<td><a href=\"http:\/\/zizka.fob.cz\/?p=280\">XXXVII<\/a><\/td>\n<\/tr>\n<\/tbody>\n<\/table>\n<table border=\"0\" cellspacing=\"2\" cellpadding=\"2\" align=\"center\">\n<tbody>\n<tr>\n<td><a href=\"http:\/\/zizka.fob.cz\/?p=269\">XXXVI<\/a><\/td>\n<td><a href=\"http:\/\/zizka.fob.cz\/?p=429\">XXXV<\/a><\/td>\n<td><a href=\"http:\/\/zizka.fob.cz\/?p=267\">XXXIV<\/a><\/td>\n<td><a href=\"http:\/\/zizka.fob.cz\/?p=263\">XXXIII<\/a><\/td>\n<td><a href=\"http:\/\/zizka.fob.cz\/?p=260\">XXXII<\/a><\/td>\n<td><a href=\"http:\/\/zizka.fob.cz\/?p=257\">XXXI<\/a><\/td>\n<td><a href=\"http:\/\/zizka.fob.cz\/?p=254\">XXX<\/a><\/td>\n<td><a href=\"http:\/\/zizka.fob.cz\/?p=249\">XXIX<\/a><\/td>\n<td><a href=\"http:\/\/zizka.fob.cz\/?p=244\">XXVIII<\/a><\/td>\n<td><a href=\"http:\/\/zizka.fob.cz\/?p=241\">XXVII<\/a><\/td>\n<td><a href=\"http:\/\/zizka.fob.cz\/?p=237\">XXVI<\/a><\/td>\n<td><a href=\"http:\/\/zizka.fob.cz\/?p=234\">XXV<\/a><\/td>\n<td><a href=\"http:\/\/zizka.fob.cz\/?p=230\">XXIV<\/a><\/td>\n<td><a href=\"http:\/\/zizka.fob.cz\/?p=228\">XXIII<\/a><\/td>\n<td><a href=\"http:\/\/zizka.fob.cz\/?p=223\">XXII<\/a><\/td>\n<td><a href=\"http:\/\/zizka.fob.cz\/?p=220\">XXI<\/a><\/td>\n<\/tr>\n<\/tbody>\n<\/table>\n<table border=\"0\" cellspacing=\"2\" cellpadding=\"2\" align=\"center\">\n<tbody>\n<tr>\n<td><a href=\"http:\/\/zizka.fob.cz\/?p=218\">XX<\/a><\/td>\n<td><a href=\"http:\/\/zizka.fob.cz\/?p=213\">XIX<\/a><\/td>\n<td><a href=\"http:\/\/zizka.fob.cz\/?p=210\">XVIII<\/a><\/td>\n<td><a href=\"http:\/\/zizka.fob.cz\/?p=205\">XVII<\/a><\/td>\n<td><a href=\"http:\/\/zizka.fob.cz\/?p=203\">XVI<\/a><\/td>\n<td><a href=\"http:\/\/zizka.fob.cz\/?p=200\">XV<\/a><\/td>\n<td><a href=\"http:\/\/zizka.fob.cz\/?p=197\">XIV<\/a><\/td>\n<td><a href=\"http:\/\/zizka.fob.cz\/?p=193\">XIII<\/a><\/td>\n<td><a href=\"http:\/\/zizka.fob.cz\/?p=191\">XII<\/a><\/td>\n<td><a href=\"http:\/\/zizka.fob.cz\/?p=189\">XI<\/a><\/td>\n<td><a href=\"http:\/\/zizka.fob.cz\/?p=186\">X<\/a><\/td>\n<td><a href=\"http:\/\/zizka.fob.cz\/?p=182\">IX<\/a><\/td>\n<td><a href=\"http:\/\/zizka.fob.cz\/?p=178\">VIII<\/a><\/td>\n<td><a href=\"http:\/\/zizka.fob.cz\/?p=176\">VII<\/a><\/td>\n<td><a href=\"http:\/\/zizka.fob.cz\/?p=173\">VI<\/a><\/td>\n<td><a href=\"http:\/\/zizka.fob.cz\/?p=170\">V<\/a><\/td>\n<td><a href=\"http:\/\/zizka.fob.cz\/?p=167\">IV<\/a><\/td>\n<td><a href=\"http:\/\/zizka.fob.cz\/?p=138\">III<\/a><\/td>\n<td><a href=\"http:\/\/zizka.fob.cz\/?p=135\">II<\/a><\/td>\n<td><a href=\"http:\/\/zizka.fob.cz\/?p=130\">I<\/a><\/td>\n<\/tr>\n<\/tbody>\n<\/table>\n<p>&nbsp;<\/p>\n","protected":false},"excerpt":{"rendered":"<p>Seznam pokra\u010dov\u00e1n\u00ed: \u017di\u017ek\u016fv vra\u017ed\u00edc\u00ed palc\u00e1t 2024 53. 52. 51. 50. XLIX XLVIII XLVII XLVI XLV XLIV XLIII XLII XLI XL XXXIX XXXVIII XXXVII XXXVI XXXV XXXIV XXXIII XXXII XXXI XXX XXIX XXVIII XXVII XXVI XXV XXIV XXIII XXII XXI XX&hellip; <a href=\"https:\/\/zizka.fob.cz\/?page_id=44\" class=\"more-link\">Continue Reading <span class=\"meta-nav\">&rarr;<\/span><\/a><\/p>\n","protected":false},"author":1,"featured_media":0,"parent":0,"menu_order":0,"comment_status":"closed","ping_status":"open","template":"","meta":{"_exactmetrics_skip_tracking":false,"_exactmetrics_sitenote_active":false,"_exactmetrics_sitenote_note":"","_exactmetrics_sitenote_category":0,"footnotes":""},"class_list":["post-44","page","type-page","status-publish","hentry"],"_links":{"self":[{"href":"https:\/\/zizka.fob.cz\/index.php?rest_route=\/wp\/v2\/pages\/44"}],"collection":[{"href":"https:\/\/zizka.fob.cz\/index.php?rest_route=\/wp\/v2\/pages"}],"about":[{"href":"https:\/\/zizka.fob.cz\/index.php?rest_route=\/wp\/v2\/types\/page"}],"author":[{"embeddable":true,"href":"https:\/\/zizka.fob.cz\/index.php?rest_route=\/wp\/v2\/users\/1"}],"replies":[{"embeddable":true,"href":"https:\/\/zizka.fob.cz\/index.php?rest_route=%2Fwp%2Fv2%2Fcomments&post=44"}],"version-history":[{"count":21,"href":"https:\/\/zizka.fob.cz\/index.php?rest_route=\/wp\/v2\/pages\/44\/revisions"}],"predecessor-version":[{"id":964,"href":"https:\/\/zizka.fob.cz\/index.php?rest_route=\/wp\/v2\/pages\/44\/revisions\/964"}],"wp:attachment":[{"href":"https:\/\/zizka.fob.cz\/index.php?rest_route=%2Fwp%2Fv2%2Fmedia&parent=44"}],"curies":[{"name":"wp","href":"https:\/\/api.w.org\/{rel}","templated":true}]}}