{"id":38,"date":"2015-03-14T14:14:35","date_gmt":"2015-03-14T14:14:35","guid":{"rendered":"http:\/\/www.zizkatest.4fan.cz\/?page_id=38"},"modified":"2020-08-11T16:26:34","modified_gmt":"2020-08-11T14:26:34","slug":"partneri-festivalu","status":"publish","type":"page","link":"https:\/\/zizka.fob.cz\/?page_id=38","title":{"rendered":"Partne\u0159i"},"content":{"rendered":"<h2 style=\"text-align: center;\"><span style=\"text-decoration: underline;\">Hlavn\u00ed partne\u0159i<\/span><\/h2>\n<p style=\"text-align: center;\"><a href=\"http:\/\/www.taborcz.eu\/\" target=\"_blank\" rel=\"noopener noreferrer\"><img loading=\"lazy\" decoding=\"async\" class=\"alignnone wp-image-312\" src=\"http:\/\/zizka.fob.cz\/wp-content\/uploads\/2015\/03\/tabor-300x71.jpg\" alt=\"tabor\" width=\"393\" height=\"93\" srcset=\"https:\/\/zizka.fob.cz\/wp-content\/uploads\/2015\/03\/tabor-300x71.jpg 300w, https:\/\/zizka.fob.cz\/wp-content\/uploads\/2015\/03\/tabor.jpg 625w\" sizes=\"(max-width: 393px) 100vw, 393px\" \/><\/a><\/p>\n<p style=\"text-align: center;\"><a href=\"http:\/\/www.fobiazine.net\"><img loading=\"lazy\" decoding=\"async\" class=\"alignnone wp-image-306\" src=\"http:\/\/zizka.fob.cz\/wp-content\/uploads\/2015\/03\/fobia.jpg\" alt=\"fobia\" width=\"152\" height=\"95\" \/><\/a>\u00a0\u00a0\u00a0\u00a0\u00a0\u00a0\u00a0\u00a0\u00a0\u00a0\u00a0\u00a0 <a href=\"http:\/\/www.metalgate.cz\" target=\"_blank\" rel=\"noopener noreferrer\"><img loading=\"lazy\" decoding=\"async\" class=\"alignnone wp-image-309\" src=\"http:\/\/zizka.fob.cz\/wp-content\/uploads\/2015\/03\/metalgate-300x150.png\" alt=\"metalgate\" width=\"190\" height=\"95\" srcset=\"https:\/\/zizka.fob.cz\/wp-content\/uploads\/2015\/03\/metalgate-300x150.png 300w, https:\/\/zizka.fob.cz\/wp-content\/uploads\/2015\/03\/metalgate.png 317w\" sizes=\"(max-width: 190px) 100vw, 190px\" \/><\/a><\/p>\n<h2 style=\"text-align: center;\"><span style=\"text-decoration: underline;\">Medi\u00e1ln\u00ed partne\u0159i<\/span><\/h2>\n<p style=\"text-align: center;\"><a href=\"http:\/\/www.kulturne.com\" target=\"_blank\" rel=\"noopener noreferrer\"><img loading=\"lazy\" decoding=\"async\" class=\"alignnone wp-image-325\" src=\"http:\/\/zizka.fob.cz\/wp-content\/uploads\/2015\/03\/kulturne-logo-black-300x60.png\" alt=\"kulturne-logo-black\" width=\"395\" height=\"79\" srcset=\"https:\/\/zizka.fob.cz\/wp-content\/uploads\/2015\/03\/kulturne-logo-black-300x60.png 300w, https:\/\/zizka.fob.cz\/wp-content\/uploads\/2015\/03\/kulturne-logo-black-1024x203.png 1024w, https:\/\/zizka.fob.cz\/wp-content\/uploads\/2015\/03\/kulturne-logo-black.png 2001w\" sizes=\"(max-width: 395px) 100vw, 395px\" \/><\/a><\/p>\n<p><a title=\"Kudyznudy.cz - tipy na v\u00fdlet\" href=\"https:\/\/www.kudyznudy.cz\/?utm_source=kzn&amp;utm_medium=partneri_kzn&amp;utm_campaign=banner\" target=\"_blank\" rel=\"noopener noreferrer\"> <img loading=\"lazy\" decoding=\"async\" class=\"aligncenter\" src=\"https:\/\/www.kudyznudy.cz\/getmedia\/fdf21e56-ca54-497f-9f83-8f9722a8d129\/kzn_bannery-2014_sanoma-970x210.jpg.aspx\" alt=\"Kudyznudy.cz - tipy na v\u00fdlet\" width=\"411\" height=\"89\" border=\"0\" \/> <\/a><\/p>\n<p>&nbsp;<\/p>\n","protected":false},"excerpt":{"rendered":"<p>Hlavn\u00ed partne\u0159i \u00a0\u00a0\u00a0\u00a0\u00a0\u00a0\u00a0\u00a0\u00a0\u00a0\u00a0\u00a0 Medi\u00e1ln\u00ed partne\u0159i &nbsp;<\/p>\n","protected":false},"author":1,"featured_media":0,"parent":0,"menu_order":0,"comment_status":"closed","ping_status":"open","template":"","meta":{"_exactmetrics_skip_tracking":false,"_exactmetrics_sitenote_active":false,"_exactmetrics_sitenote_note":"","_exactmetrics_sitenote_category":0,"footnotes":""},"class_list":["post-38","page","type-page","status-publish","hentry"],"_links":{"self":[{"href":"https:\/\/zizka.fob.cz\/index.php?rest_route=\/wp\/v2\/pages\/38"}],"collection":[{"href":"https:\/\/zizka.fob.cz\/index.php?rest_route=\/wp\/v2\/pages"}],"about":[{"href":"https:\/\/zizka.fob.cz\/index.php?rest_route=\/wp\/v2\/types\/page"}],"author":[{"embeddable":true,"href":"https:\/\/zizka.fob.cz\/index.php?rest_route=\/wp\/v2\/users\/1"}],"replies":[{"embeddable":true,"href":"https:\/\/zizka.fob.cz\/index.php?rest_route=%2Fwp%2Fv2%2Fcomments&post=38"}],"version-history":[{"count":10,"href":"https:\/\/zizka.fob.cz\/index.php?rest_route=\/wp\/v2\/pages\/38\/revisions"}],"predecessor-version":[{"id":838,"href":"https:\/\/zizka.fob.cz\/index.php?rest_route=\/wp\/v2\/pages\/38\/revisions\/838"}],"wp:attachment":[{"href":"https:\/\/zizka.fob.cz\/index.php?rest_route=%2Fwp%2Fv2%2Fmedia&parent=38"}],"curies":[{"name":"wp","href":"https:\/\/api.w.org\/{rel}","templated":true}]}}