{"id":30,"date":"2015-03-14T13:45:55","date_gmt":"2015-03-14T13:45:55","guid":{"rendered":"http:\/\/www.zizkatest.4fan.cz\/?page_id=30"},"modified":"2024-01-28T09:15:26","modified_gmt":"2024-01-28T08:15:26","slug":"spojeni","status":"publish","type":"page","link":"https:\/\/zizka.fob.cz\/?page_id=30","title":{"rendered":"Spojen\u00ed"},"content":{"rendered":"<h2 class=\"text\">Cesta autem<\/h2>\n<p class=\"text\"><strong>Sou\u0159adnice GPS<\/strong>: <strong>N:<\/strong> 49.42315258921646, <strong>E:<\/strong> 14.678232556671619<\/p>\n<p class=\"text\">K restauraci na P\u011bkn\u00e9 Vyhl\u00eddce se nejl\u00e9pe dostanete autobusem \u010d. 20 a \u010d.21.<\/p>\n<p class=\"text\"><strong>Mapa<\/strong>: <a href=\"https:\/\/maps.app.goo.gl\/m9w4bCoLrq3DwNzC9\">https:\/\/maps.app.goo.gl\/m9w4bCoLrq3DwNzC9<\/a><\/p>\n<p class=\"text\">Pokud byste pot\u0159ebovali poradit, obra\u0165te se na n\u00e1s: 777 077 463, 777 871 367 nebo 735 275 725.<\/p>\n<p>&nbsp;<\/p>\n<h2 class=\"text\">Cesta p\u011b\u0161ky<\/h2>\n<p class=\"text\">Trasa od vlakov\u00e9ho n\u00e1dra\u017e\u00ed: <a href=\"https:\/\/mapy.cz\/s\/kojurohetu\">https:\/\/mapy.cz\/s\/kojurohetu<\/a><\/p>\n<p>&nbsp;<\/p>\n<h2 class=\"text\">Cesta vlakem a autobusem<\/h2>\n<p class=\"text\">Pokud cestujete vlakem nebo autobusem, tak j\u00edzdn\u00ed \u0159\u00e1dy naleznete na <span style=\"color: #00ccff;\"><strong><a style=\"color: #00ccff;\" href=\"www.idos.cz\">www.idos.cz<\/a><\/strong><\/span>. nebo si m\u016f\u017eete st\u00e1hnout aplikaci pro\u00a0syst\u00e9m\u00a0Android\u00a0na <span style=\"color: #00ccff;\"><strong><a style=\"color: #00ccff;\" href=\"https:\/\/play.google.com\/store\/apps\/details?id=cz.mafra.jizdnirady\" target=\"_blank\" rel=\"noopener noreferrer\">Google Play<\/a><\/strong><\/span>.<\/p>\n<h2><\/h2>\n<h2 class=\"text\">MHD<\/h2>\n<p class=\"text\">Pokud n\u011bkdo chce k n\u00e1m MHD, tak zvol\u00ed c\u00edlovou stanici &#8222;<strong>\u010cekanice, Na vyhl\u00eddce<\/strong>&#8220; A je to hned naproti od zast\u00e1vky ze sm\u011bru n\u00e1dra\u017e\u00ed.<\/p>\n<p class=\"text\"><strong>J\u00edzdn\u00ed \u0159\u00e1dy:<\/strong><\/p>\n<ul>\n<li class=\"text\">\u0159\u00e1dy MHD na <span style=\"color: #00ccff;\"><a style=\"color: #00ccff;\" href=\"http:\/\/www.comettplus.cz\/jr\/zas042.cz.html\" target=\"_blank\" rel=\"noopener noreferrer\">Commet plus<\/a><\/span><\/li>\n<li class=\"text\"><span style=\"color: #00ccff;\"><a style=\"color: #00ccff;\" href=\"http:\/\/jizdnirady.idnes.cz\/tabor\/spojeni\/\" target=\"_blank\" rel=\"noopener noreferrer\">www.IDOS.cz<\/a><\/span><\/li>\n<\/ul>\n<h2><\/h2>\n<h2 class=\"text\">Restaurace Na p\u011bkn\u00e9 Vyhl\u00eddce<\/h2>\n<p><iframe loading=\"lazy\" style=\"border: 0;\" src=\"https:\/\/www.google.com\/maps\/embed?pb=!1m18!1m12!1m3!1d324.4062806254431!2d14.678374714153856!3d49.42308280170645!2m3!1f0!2f0!3f0!3m2!1i1024!2i768!4f13.1!3m3!1m2!1s0x470c981aa2394237%3A0xb51acf59540d66ee!2zVMOhYm9yLCDEjGVrYW5pY2UsIE5hIHZ5aGzDrWRjZQ!5e0!3m2!1scs!2scz!4v1689149416770!5m2!1scs!2scz\" width=\"600\" height=\"450\" allowfullscreen=\"allowfullscreen\"><\/iframe><\/p>\n<p>&nbsp;<\/p>\n<p><strong><a href=\"https:\/\/www.napeknevyhlidce.cz\/\" target=\"_blank\" rel=\"noopener noreferrer\">\u00bb <span style=\"color: #00ccff;\">Str\u00e1nky Restaurace na p\u011bkn\u00e9 Vyhl\u00eddce<\/span> \u00ab<\/a><\/strong><\/p>\n","protected":false},"excerpt":{"rendered":"<p>Cesta autem Sou\u0159adnice GPS: N: 49.42315258921646, E: 14.678232556671619 K restauraci na P\u011bkn\u00e9 Vyhl\u00eddce se nejl\u00e9pe dostanete autobusem \u010d. 20 a \u010d.21. Mapa: https:\/\/maps.app.goo.gl\/m9w4bCoLrq3DwNzC9 Pokud byste pot\u0159ebovali poradit, obra\u0165te se na n\u00e1s: 777 077 463, 777 871 367 nebo 735 275&hellip; <a href=\"https:\/\/zizka.fob.cz\/?page_id=30\" class=\"more-link\">Continue Reading <span class=\"meta-nav\">&rarr;<\/span><\/a><\/p>\n","protected":false},"author":1,"featured_media":0,"parent":0,"menu_order":0,"comment_status":"closed","ping_status":"open","template":"","meta":{"_exactmetrics_skip_tracking":false,"_exactmetrics_sitenote_active":false,"_exactmetrics_sitenote_note":"","_exactmetrics_sitenote_category":0,"footnotes":""},"class_list":["post-30","page","type-page","status-publish","hentry"],"_links":{"self":[{"href":"https:\/\/zizka.fob.cz\/index.php?rest_route=\/wp\/v2\/pages\/30"}],"collection":[{"href":"https:\/\/zizka.fob.cz\/index.php?rest_route=\/wp\/v2\/pages"}],"about":[{"href":"https:\/\/zizka.fob.cz\/index.php?rest_route=\/wp\/v2\/types\/page"}],"author":[{"embeddable":true,"href":"https:\/\/zizka.fob.cz\/index.php?rest_route=\/wp\/v2\/users\/1"}],"replies":[{"embeddable":true,"href":"https:\/\/zizka.fob.cz\/index.php?rest_route=%2Fwp%2Fv2%2Fcomments&post=30"}],"version-history":[{"count":11,"href":"https:\/\/zizka.fob.cz\/index.php?rest_route=\/wp\/v2\/pages\/30\/revisions"}],"predecessor-version":[{"id":937,"href":"https:\/\/zizka.fob.cz\/index.php?rest_route=\/wp\/v2\/pages\/30\/revisions\/937"}],"wp:attachment":[{"href":"https:\/\/zizka.fob.cz\/index.php?rest_route=%2Fwp%2Fv2%2Fmedia&parent=30"}],"curies":[{"name":"wp","href":"https:\/\/api.w.org\/{rel}","templated":true}]}}