{"id":117,"date":"2015-03-18T11:01:13","date_gmt":"2015-03-18T10:01:13","guid":{"rendered":"http:\/\/www.zizkatest.4fan.cz\/?page_id=117"},"modified":"2015-03-18T11:01:13","modified_gmt":"2015-03-18T10:01:13","slug":"guestbook","status":"publish","type":"page","link":"https:\/\/zizka.fob.cz\/?page_id=117","title":{"rendered":"Guestbook"},"content":{"rendered":"<p>Dotazy, n\u00e1vrhy, st\u00ed\u017enosti,\u00a0pochvaly&#8230;\u00a0v\u0161echno pi\u0161te sem.<\/p>\n","protected":false},"excerpt":{"rendered":"<p>Dotazy, n\u00e1vrhy, st\u00ed\u017enosti,\u00a0pochvaly&#8230;\u00a0v\u0161echno pi\u0161te sem.<\/p>\n","protected":false},"author":1,"featured_media":0,"parent":0,"menu_order":0,"comment_status":"open","ping_status":"open","template":"","meta":{"_exactmetrics_skip_tracking":false,"_exactmetrics_sitenote_active":false,"_exactmetrics_sitenote_note":"","_exactmetrics_sitenote_category":0,"footnotes":""},"class_list":["post-117","page","type-page","status-publish","hentry"],"_links":{"self":[{"href":"https:\/\/zizka.fob.cz\/index.php?rest_route=\/wp\/v2\/pages\/117"}],"collection":[{"href":"https:\/\/zizka.fob.cz\/index.php?rest_route=\/wp\/v2\/pages"}],"about":[{"href":"https:\/\/zizka.fob.cz\/index.php?rest_route=\/wp\/v2\/types\/page"}],"author":[{"embeddable":true,"href":"https:\/\/zizka.fob.cz\/index.php?rest_route=\/wp\/v2\/users\/1"}],"replies":[{"embeddable":true,"href":"https:\/\/zizka.fob.cz\/index.php?rest_route=%2Fwp%2Fv2%2Fcomments&post=117"}],"version-history":[{"count":0,"href":"https:\/\/zizka.fob.cz\/index.php?rest_route=\/wp\/v2\/pages\/117\/revisions"}],"wp:attachment":[{"href":"https:\/\/zizka.fob.cz\/index.php?rest_route=%2Fwp%2Fv2%2Fmedia&parent=117"}],"curies":[{"name":"wp","href":"https:\/\/api.w.org\/{rel}","templated":true}]}}